{"id":143,"date":"2012-06-14T09:24:41","date_gmt":"2012-06-14T09:24:41","guid":{"rendered":"http:\/\/www.almeda.cat\/blog\/?page_id=143"},"modified":"2014-09-16T08:33:44","modified_gmt":"2014-09-16T08:33:44","slug":"aviso-legal","status":"publish","type":"page","link":"http:\/\/www.almeda.cat\/ca\/aviso-legal\/","title":{"rendered":"Avis legal"},"content":{"rendered":"<p><\/p>\n<h3>1.- \u00das del servei<\/h3>\n<p>Con car\u00e1cter general, y sin perjuicio de las condiciones y t\u00e9rminos particulares que se fijen en los apartados correspondientes a servicios concretos, el Usuario se obliga al cumplimiento de las presentes condiciones y t\u00e9rminos de uso, y obrar siempre conforme a la ley, a las buenas costumbres y a las exigencias de la buena fe, empleando la diligencia adecuada a la naturaleza del servicio del que disfruta, absteni\u00e9ndose de utilizar el sitio web www.almeda.cat y dem\u00e1s direcciones de Internet citadas, de cualquier forma que pueda impedir, da\u00f1ar o deteriorar el normal funcionamiento del mismo, los bienes o derechos de EDIFICIO ALMEDA 10 C.B. , del resto de Usuarios o en general de cualquier tercero.<\/p>\n<p>En particular, y sin que ello implique restricci\u00f3n alguna a la obligaci\u00f3n asumida por el Usuario con car\u00e1cter general de conformidad con el apartado anterior, el Usuario se obliga, en la utilizaci\u00f3n de www.almeda.cat a:<\/p>\n<p>No introducir, almacenar o difundir en o desde el website, cualquier informaci\u00f3n o material que fuera difamatorio, injurioso, obsceno, amenazador, xen\u00f3fobo, incite a la violencia a la discriminaci\u00f3n por raz\u00f3n de raza, sexo, ideolog\u00eda, religi\u00f3n o que de cualquier forma atente contra la moral, el orden p\u00fablico, los derechos fundamentales, las libertas p\u00fablicas, el honor, la intimidad o la imagen de terceros y en general la normativa vigente.<\/p>\n<p>No introducir, almacenar o difundir mediante el website ning\u00fan programa de ordenador, datos, virus, c\u00f3digo, equipo de hardware o de telecomunicaciones o cualquier otro instrumento o dispositivo electr\u00f3nico o f\u00edsico que sea susceptible de causar da\u00f1os en el website, en cualquiera de los servicios, o en cualquiera de los equipos, sistemas o redes de EDIFICIO ALMEDA 10 C.B., de cualquier Usuario, o en general de cualquier tercero. O que de cualquier otra forma sea capaz de causarles cualquier tipo de alteraci\u00f3n o impedir el normal funcionamiento de los mismos.<\/p>\n<p>No utilizar identidades falsas, ni suplantar la identidad de otros en la utilizaci\u00f3n del website o en la utilizaci\u00f3n de cualquiera de los servicios del website, incluyendo la utilizaci\u00f3n en su caso de contrase\u00f1as o claves de acceso de terceros o de cualquier otra forma. No destruir, alterar, utilizar para su uso, inutilizar o da\u00f1ar los datos, informaciones, programas o documentos electr\u00f3nicos de EDIFICIO ALMEDA 10 C.B. o terceros.<\/p>\n<h3>2.- Seguretat i protecci\u00f3 de dades de car\u00e0cter personal<\/h3>\n<p>EDIFICIO ALMEDA 10 C.B. garantiza la adopci\u00f3n de las medidas oportunas para asegurar el tratamiento confidencial de los datos de los clientes, los cuales podr\u00e1n ser consultados o modificados personalmente por su titular en el domicilio social de la entidad o por correo electr\u00f3nico.<\/p>\n<p>Recepci\u00f3n de boletines.- Para recibir, peri\u00f3dicamente los boletines con las \u00faltimas novedades de www.almeda.cat deber\u00e1 seleccionar, en el proceso de registro, la opci\u00f3n &#8220;Deseo recibir los boletines de novedades de la web&#8221;. De este modo, recibir\u00e1 los boletines en la cuenta de correo electr\u00f3nico que nos haya indicado. En el supuesto de no querer recibir posteriormente \u00e9stos, podr\u00e1, en cualquier momento, darse de baja del citado bolet\u00edn.<\/p>\n<p>EDIFICIO ALMEDA 10 C.B. se compromete, en pro de una pol\u00edtica anti-spam, a no facilitar su correo electr\u00f3nico a ning\u00fan sistema de env\u00edo masivo de e-mails. Cancelaci\u00f3n on-line de los datos del usuario\/cliente.- En todo momento, podr\u00e1 borrar sus datos como cliente de www.almeda.cat indic\u00e1ndonoslo en el correo info@almeda.cat.<\/p>\n<p>Protecci\u00f3n de datos.- Le informamos que los datos de car\u00e1cter personal recabados van a ser incorporados a un fichero titularidad de EDIFICIO ALMEDA 10 C.B. (Responsable del Fichero), e inscrito en el Registro de la Agencia Espa\u00f1ola de Protecci\u00f3n de Datos, cuya finalidad es garantizar la privacidad de los datos, as\u00ed como el env\u00edo de boletines informativos y publicitarios.<\/p>\n<h3>3.- Legislaci\u00f3 i jurisdicci\u00f3<\/h3>\n<p>Todo lo no indicado en estas condiciones se tratar\u00e1 de conformidad con lo dispuesto en la legislaci\u00f3n sobre comercio, especialmente, en lo que afecta a la Ley Org\u00e1nica 2\/1996 de 15 de Enero de Ordenaci\u00f3n del Comercio, y a la Ley 7\/1996 de 15 de enero de ordenaci\u00f3n del comercio minorista as\u00ed como a cualquier otra la legislaci\u00f3n complementaria relativa a las ventas a distancia y de comercio electr\u00f3nico.<\/p>\n<p>Las presentes condiciones se interpretar\u00e1n pues a la luz de la legislaci\u00f3n vigente en Espa\u00f1a en materia de comercio la cual se aplicar\u00e1 en todos aquellos aspectos no previstos en estas condiciones.<\/p>\n<p>Los usuarios se someten expresamente a la jurisdicci\u00f3n de los Juzgados y Tribunales de la ciudad de Barcelona (Espa\u00f1a), con renuncia expresa a cualquier otro fuero que pueda corresponderles.<\/p>","protected":false},"excerpt":{"rendered":"<p>1.- \u00das del servei Con car\u00e1cter general, y sin perjuicio de las condiciones y t\u00e9rminos particulares que se fijen en los apartados correspondientes a [&hellip;]<\/p>\n","protected":false},"author":6442,"featured_media":0,"parent":0,"menu_order":0,"comment_status":"open","ping_status":"open","template":"","meta":{"footnotes":""},"class_list":["post-143","page","type-page","status-publish","hentry"],"_links":{"self":[{"href":"http:\/\/www.almeda.cat\/ca\/wp-json\/wp\/v2\/pages\/143","targetHints":{"allow":["GET"]}}],"collection":[{"href":"http:\/\/www.almeda.cat\/ca\/wp-json\/wp\/v2\/pages"}],"about":[{"href":"http:\/\/www.almeda.cat\/ca\/wp-json\/wp\/v2\/types\/page"}],"author":[{"embeddable":true,"href":"http:\/\/www.almeda.cat\/ca\/wp-json\/wp\/v2\/users\/6442"}],"replies":[{"embeddable":true,"href":"http:\/\/www.almeda.cat\/ca\/wp-json\/wp\/v2\/comments?post=143"}],"version-history":[{"count":6,"href":"http:\/\/www.almeda.cat\/ca\/wp-json\/wp\/v2\/pages\/143\/revisions"}],"predecessor-version":[{"id":1652,"href":"http:\/\/www.almeda.cat\/ca\/wp-json\/wp\/v2\/pages\/143\/revisions\/1652"}],"wp:attachment":[{"href":"http:\/\/www.almeda.cat\/ca\/wp-json\/wp\/v2\/media?parent=143"}],"curies":[{"name":"wp","href":"https:\/\/api.w.org\/{rel}","templated":true}]}}