{"id":387,"date":"2012-10-02T08:07:17","date_gmt":"2012-10-02T08:07:17","guid":{"rendered":"http:\/\/www.almeda.cat\/?page_id=387"},"modified":"2013-02-21T15:37:41","modified_gmt":"2013-02-21T15:37:41","slug":"coworking-y-despacho-para-emprendedores","status":"publish","type":"page","link":"http:\/\/www.almeda.cat\/ca\/coworking-y-despacho-para-emprendedores\/","title":{"rendered":"Coworking y despacho para emprendedores"},"content":{"rendered":"<p>Un\u00a0<strong>emprendedor<\/strong>\u00a0es una persona que enfrenta, con resoluci\u00f3n, acciones dif\u00edciles. Espec\u00edficamente en el campo de la econom\u00eda, negocios o finanzas, es aquel individuo que est\u00e1 dispuesto a asumir un riesgo econ\u00f3mico o de otra \u00edndole.<br \/>\nDesde este punto de vista, el t\u00e9rmino se refiere a quien identifica una oportunidad de negocio y organiza los recursos necesarios para ponerla en marcha.<br \/>\nEs habitual emplear este t\u00e9rmino para designar a una \u00abpersona que crea una empresa\u00bb o a alguien quien empieza un proyecto por su propia iniciativa. Se ha sugerido que el \u201cser emprendedor\u201d es una de las cualidades esenciales de un empresario, junto con la innovaci\u00f3n y la capacidad de organizaci\u00f3n y gesti\u00f3n.<\/p>\n<p><strong>Ofrecemos:<\/strong><strong>\u00a0<\/strong><br \/>\n&#8211; Sin inversi\u00f3n previa y precios razonables.<br \/>\n&#8211; Una base de operaciones en un local bien comunicado por transporte p\u00fablico y viales donde se puede aparcar con relativa facilidad.<br \/>\n&#8211; Flexibilidad de horarios y modalidades de contrataci\u00f3n.<br \/>\n&#8211; Climatizaci\u00f3n, buena iluminaci\u00f3n, mesa amplia, sill\u00f3n ergon\u00f3mico, conexi\u00f3n internet y un armario para guardar sus pertenencias todos los elementos propios de una oficina moderna.<br \/>\n&#8211; Inclusi\u00f3n de sus servicios u art\u00edculos en nuestra p\u00e1gina WEB.<\/p>\n<p>Sinergias u oportunidades que puedan surgir entre las personas que cohabitan en un espacio de estas caracter\u00edsticas.<br \/>\nLa mayor\u00eda de ellos vienen del \u00e1mbito de las industrias creativas y los nuevos medios.<\/p>\n","protected":false},"excerpt":{"rendered":"<p>Un\u00a0emprendedor\u00a0es una persona que enfrenta, con resoluci\u00f3n, acciones dif\u00edciles. Espec\u00edficamente en el campo de la econom\u00eda, negocios o finanzas, es aquel individuo que est\u00e1 [&hellip;]<\/p>\n","protected":false},"author":6442,"featured_media":0,"parent":0,"menu_order":0,"comment_status":"open","ping_status":"open","template":"template-right-sidebar.php","meta":{"footnotes":""},"class_list":["post-387","page","type-page","status-publish","hentry"],"_links":{"self":[{"href":"http:\/\/www.almeda.cat\/ca\/wp-json\/wp\/v2\/pages\/387","targetHints":{"allow":["GET"]}}],"collection":[{"href":"http:\/\/www.almeda.cat\/ca\/wp-json\/wp\/v2\/pages"}],"about":[{"href":"http:\/\/www.almeda.cat\/ca\/wp-json\/wp\/v2\/types\/page"}],"author":[{"embeddable":true,"href":"http:\/\/www.almeda.cat\/ca\/wp-json\/wp\/v2\/users\/6442"}],"replies":[{"embeddable":true,"href":"http:\/\/www.almeda.cat\/ca\/wp-json\/wp\/v2\/comments?post=387"}],"version-history":[{"count":10,"href":"http:\/\/www.almeda.cat\/ca\/wp-json\/wp\/v2\/pages\/387\/revisions"}],"predecessor-version":[{"id":389,"href":"http:\/\/www.almeda.cat\/ca\/wp-json\/wp\/v2\/pages\/387\/revisions\/389"}],"wp:attachment":[{"href":"http:\/\/www.almeda.cat\/ca\/wp-json\/wp\/v2\/media?parent=387"}],"curies":[{"name":"wp","href":"https:\/\/api.w.org\/{rel}","templated":true}]}}