{"id":423,"date":"2012-10-02T08:55:57","date_gmt":"2012-10-02T08:55:57","guid":{"rendered":"http:\/\/www.almeda.cat\/?page_id=423"},"modified":"2013-02-21T15:37:14","modified_gmt":"2013-02-21T15:37:14","slug":"coworking-y-despacho-para-economistas","status":"publish","type":"page","link":"http:\/\/www.almeda.cat\/ca\/coworking-y-despacho-para-economistas\/","title":{"rendered":"Coworking y despacho para economistas"},"content":{"rendered":"<p>Un\u00a0<strong>economista<\/strong>\u00a0es un profesional de las ciencias sociales experto en econom\u00eda te\u00f3rica o aplicada, que estudia y analiza tanto las causas como consecuencias de los fen\u00f3menos econ\u00f3micos que involucran costes y beneficios, a trav\u00e9s del cual estructura, interpreta y elabora modelos y leyes. El alto estatus del economista frente a la sociedad es resultado de la cantidad de informaci\u00f3n que el profesional debe de manejar para estudiar, entender sociedad con relaci\u00f3n a esos fen\u00f3menos y moldearla.<\/p>\n<p>&nbsp;<br \/>\n<strong>Ofrecemos:<\/strong><strong>\u00a0<\/strong><br \/>\n&#8211; Sin inversi\u00f3n previa y precios razonables.<br \/>\n&#8211; Una base de operaciones en un local bien comunicado por transporte p\u00fablico y viales donde se puede aparcar con relativa facilidad.<br \/>\n&#8211; Flexibilidad de horarios y modalidades de contrataci\u00f3n.<br \/>\n&#8211; Climatizaci\u00f3n, buena iluminaci\u00f3n, mesa amplia, sill\u00f3n ergon\u00f3mico, conexi\u00f3n internet y un armario para guardar sus pertenencias todos los elementos propios de una oficina moderna.<br \/>\n&#8211; Inclusi\u00f3n de sus servicios u art\u00edculos en nuestra p\u00e1gina WEB.<\/p>\n<p>Sinergias u oportunidades que puedan surgir entre las personas que cohabitan en un espacio de estas caracter\u00edsticas.<br \/>\nLa mayor\u00eda de ellos vienen del \u00e1mbito de las industrias creativas y los nuevos medios.<\/p>\n","protected":false},"excerpt":{"rendered":"<p>Un\u00a0economista\u00a0es un profesional de las ciencias sociales experto en econom\u00eda te\u00f3rica o aplicada, que estudia y analiza tanto las causas como consecuencias de los [&hellip;]<\/p>\n","protected":false},"author":6442,"featured_media":0,"parent":0,"menu_order":0,"comment_status":"open","ping_status":"open","template":"template-right-sidebar.php","meta":{"footnotes":""},"class_list":["post-423","page","type-page","status-publish","hentry"],"_links":{"self":[{"href":"http:\/\/www.almeda.cat\/ca\/wp-json\/wp\/v2\/pages\/423","targetHints":{"allow":["GET"]}}],"collection":[{"href":"http:\/\/www.almeda.cat\/ca\/wp-json\/wp\/v2\/pages"}],"about":[{"href":"http:\/\/www.almeda.cat\/ca\/wp-json\/wp\/v2\/types\/page"}],"author":[{"embeddable":true,"href":"http:\/\/www.almeda.cat\/ca\/wp-json\/wp\/v2\/users\/6442"}],"replies":[{"embeddable":true,"href":"http:\/\/www.almeda.cat\/ca\/wp-json\/wp\/v2\/comments?post=423"}],"version-history":[{"count":4,"href":"http:\/\/www.almeda.cat\/ca\/wp-json\/wp\/v2\/pages\/423\/revisions"}],"predecessor-version":[{"id":426,"href":"http:\/\/www.almeda.cat\/ca\/wp-json\/wp\/v2\/pages\/423\/revisions\/426"}],"wp:attachment":[{"href":"http:\/\/www.almeda.cat\/ca\/wp-json\/wp\/v2\/media?parent=423"}],"curies":[{"name":"wp","href":"https:\/\/api.w.org\/{rel}","templated":true}]}}