{"id":927,"date":"2013-10-28T11:46:38","date_gmt":"2013-10-28T11:46:38","guid":{"rendered":"http:\/\/www.almeda.cat\/?page_id=927"},"modified":"2014-07-21T06:56:12","modified_gmt":"2014-07-21T06:56:12","slug":"nave-5b","status":"publish","type":"page","link":"http:\/\/www.almeda.cat\/ca\/nave-5b\/","title":{"rendered":"Nau 5b"},"content":{"rendered":"<p><\/p>\n<h2>Disponible per a venda o lloguer<\/h2>\n<p><strong> Lloguer Nau industrial 345 ma Cornell\u00e0 <\/strong><br \/>\nDisposa d&#8217;una porta autom\u00e0tica de 3,80 x4, 30 m al carrer Mari\u00e0 Fortuny de 11,30 m. d&#8217;ample<br \/>\nEst\u00e0 format per planta baixa 220 m2 i planta altell 125 m2<br \/>\n5,50 m altura en part mes baixa<br \/>\nMolt ben comunicada Rondes, C31 i C32 a 10 minuts aeroport del Prat<\/p>\n<hr style=\"margin: 0 0 10px;\" \/>\n\n<h4>Solicitar m\u00e9s informaci\u00f3<\/h4>\n<p>\n<div class=\"wpcf7 no-js\" id=\"wpcf7-f1647-o3\" lang=\"ca\" dir=\"ltr\" data-wpcf7-id=\"1647\">\n<div class=\"screen-reader-response\"><p role=\"status\" aria-live=\"polite\" aria-atomic=\"true\"><\/p> <ul><\/ul><\/div>\n<form action=\"\/ca\/wp-json\/wp\/v2\/pages\/927#wpcf7-f1647-o3\" method=\"post\" class=\"wpcf7-form init\" aria-label=\"Contact form\" novalidate=\"novalidate\" data-status=\"init\">\n<fieldset class=\"hidden-fields-container\"><input type=\"hidden\" name=\"_wpcf7\" value=\"1647\" \/><input type=\"hidden\" name=\"_wpcf7_version\" value=\"6.1.3\" \/><input type=\"hidden\" name=\"_wpcf7_locale\" value=\"ca\" \/><input type=\"hidden\" name=\"_wpcf7_unit_tag\" value=\"wpcf7-f1647-o3\" \/><input type=\"hidden\" name=\"_wpcf7_container_post\" value=\"0\" \/><input type=\"hidden\" name=\"_wpcf7_posted_data_hash\" value=\"\" \/><input type=\"hidden\" name=\"_wpcf7_recaptcha_response\" value=\"\" \/>\n<\/fieldset>\n<div class=\"the_content the_content_wrapper\">\n\t<div class=\"column one-second\">\n\t\t<p>Nom<br \/>\n<span class=\"wpcf7-form-control-wrap\" data-name=\"your-name\"><input size=\"40\" maxlength=\"400\" class=\"wpcf7-form-control wpcf7-text wpcf7-validates-as-required nick\" aria-required=\"true\" aria-invalid=\"false\" value=\"\" type=\"text\" name=\"your-name\" \/><\/span>\n\t\t<\/p>\n\t\t<p>Email<br \/>\n<span class=\"wpcf7-form-control-wrap\" data-name=\"your-email\"><input size=\"40\" maxlength=\"400\" class=\"wpcf7-form-control wpcf7-email wpcf7-validates-as-required wpcf7-text wpcf7-validates-as-email email\" aria-required=\"true\" aria-invalid=\"false\" value=\"\" type=\"email\" name=\"your-email\" \/><\/span>\n\t\t<\/p>\n\t\t<p>Tel\u00e8fon<br \/>\n<span class=\"wpcf7-form-control-wrap\" data-name=\"your-phone\"><input size=\"40\" maxlength=\"400\" class=\"wpcf7-form-control wpcf7-text wpcf7-validates-as-required nick\" aria-required=\"true\" aria-invalid=\"false\" value=\"\" type=\"text\" name=\"your-phone\" \/><\/span>\n\t\t<\/p>\n\t\t<p><span class=\"wpcf7-form-control-wrap\" data-name=\"politica\"><span class=\"wpcf7-form-control wpcf7-acceptance\"><span class=\"wpcf7-list-item\"><input type=\"checkbox\" name=\"politica\" value=\"1\" aria-invalid=\"false\" \/><\/span><\/span><\/span> He llegit i accepto la <a href=\"http:\/\/www.almeda.cat\/ca\/avis-legal\/\">pol\u00edtica de privacitat<\/a>\n\t\t<\/p>\n\t<\/div>\n\t<div class=\"column one-second\">\n\t\t<p>Comentaris<br \/>\n<span class=\"wpcf7-form-control-wrap\" data-name=\"your-message\"><textarea cols=\"900\" rows=\"8\" maxlength=\"2000\" class=\"wpcf7-form-control wpcf7-textarea\" aria-invalid=\"false\" name=\"your-message\"><\/textarea><\/span>\n\t\t<\/p>\n\t\t<p><input class=\"wpcf7-form-control wpcf7-submit has-spinner\" type=\"submit\" value=\"Enviar\" \/>\n\t\t<\/p>\n\t<\/div>\n<\/div><div class=\"wpcf7-response-output\" aria-hidden=\"true\"><\/div>\n<\/form>\n<\/div>\n<\/p>","protected":false},"excerpt":{"rendered":"<p>Disponible per a venda o lloguer Lloguer Nau industrial 345 ma Cornell\u00e0 Disposa d&#8217;una porta autom\u00e0tica de 3,80 x4, 30 m al carrer Mari\u00e0 [&hellip;]<\/p>\n","protected":false},"author":6442,"featured_media":0,"parent":0,"menu_order":0,"comment_status":"open","ping_status":"open","template":"","meta":{"footnotes":""},"class_list":["post-927","page","type-page","status-publish","hentry"],"_links":{"self":[{"href":"http:\/\/www.almeda.cat\/ca\/wp-json\/wp\/v2\/pages\/927","targetHints":{"allow":["GET"]}}],"collection":[{"href":"http:\/\/www.almeda.cat\/ca\/wp-json\/wp\/v2\/pages"}],"about":[{"href":"http:\/\/www.almeda.cat\/ca\/wp-json\/wp\/v2\/types\/page"}],"author":[{"embeddable":true,"href":"http:\/\/www.almeda.cat\/ca\/wp-json\/wp\/v2\/users\/6442"}],"replies":[{"embeddable":true,"href":"http:\/\/www.almeda.cat\/ca\/wp-json\/wp\/v2\/comments?post=927"}],"version-history":[{"count":6,"href":"http:\/\/www.almeda.cat\/ca\/wp-json\/wp\/v2\/pages\/927\/revisions"}],"predecessor-version":[{"id":1648,"href":"http:\/\/www.almeda.cat\/ca\/wp-json\/wp\/v2\/pages\/927\/revisions\/1648"}],"wp:attachment":[{"href":"http:\/\/www.almeda.cat\/ca\/wp-json\/wp\/v2\/media?parent=927"}],"curies":[{"name":"wp","href":"https:\/\/api.w.org\/{rel}","templated":true}]}}