{"id":380,"date":"2012-10-01T16:54:35","date_gmt":"2012-10-01T16:54:35","guid":{"rendered":"http:\/\/www.almeda.cat\/?page_id=380"},"modified":"2013-02-21T15:39:01","modified_gmt":"2013-02-21T15:39:01","slug":"coworking-y-despacho-para-freelacers","status":"publish","type":"page","link":"http:\/\/www.almeda.cat\/en\/coworking-y-despacho-para-freelacers\/","title":{"rendered":"Coworking y despacho para freelacers"},"content":{"rendered":"<p>Se denomina trabajador\u00a0<strong>FreeLancer<\/strong>\u00a0o\u00a0<em>FreeLancer<\/em>\u00a0(o trabajador aut\u00f3nomo, cuenta propia e trabajador independiente)<\/p>\n<p>Sin la obligaci\u00f3n de continuar la relaci\u00f3n laboral m\u00e1s all\u00e1 del encargo realizado. a la persona cuya actividad consiste en realizar trabajos propios de su ocupaci\u00f3n, oficio o profesi\u00f3n, de forma aut\u00f3noma, para terceros que requieren sus servicios para tareas determinadas, que generalmente le abonan su retribuci\u00f3n no en funci\u00f3n del tiempo empleado sino del resultado obtenido, sin que las dos partes contraigan.<br \/>\nLas empresas sin estructura y con redes de colaboradores FreeLancer son agiles y flexibles y tienen capacidad enorme de adaptaci\u00f3n a las necesidades del cliente o proyecto.<\/p>\n<p><strong>Ofrecemos:<\/strong><br \/>\n&#8211; Sin inversi\u00f3n previa y precios razonables.<br \/>\n&#8211; Una base de operaciones en un local bien comunicado por transporte p\u00fablico y viales donde se puede aparcar con relativa facilidad.<br \/>\n&#8211; Flexibilidad de horarios y modalidades de contrataci\u00f3n.<br \/>\n&#8211; Climatizaci\u00f3n, buena iluminaci\u00f3n, mesa amplia, sill\u00f3n ergon\u00f3mico, conexi\u00f3n internet y un armario para guardar sus pertenencias todos los elementos propios de una oficina moderna.<br \/>\n&#8211; Inclusi\u00f3n de sus servicios u art\u00edculos en nuestra p\u00e1gina WEB.<\/p>\n<p>Sinergias u oportunidades que puedan surgir entre las personas que cohabitan en un espacio de estas caracter\u00edsticas.<br \/>\nLa mayor\u00eda de ellos vienen del \u00e1mbito de las industrias creativas y los nuevos medios.<\/p>\n","protected":false},"excerpt":{"rendered":"<p>Se denomina trabajador\u00a0FreeLancer\u00a0o\u00a0FreeLancer\u00a0(o trabajador aut\u00f3nomo, cuenta propia e trabajador independiente) Sin la obligaci\u00f3n de continuar la relaci\u00f3n laboral m\u00e1s all\u00e1 del encargo realizado. a [&hellip;]<\/p>\n","protected":false},"author":6442,"featured_media":0,"parent":0,"menu_order":0,"comment_status":"open","ping_status":"open","template":"template-right-sidebar.php","meta":{"footnotes":""},"class_list":["post-380","page","type-page","status-publish","hentry"],"_links":{"self":[{"href":"http:\/\/www.almeda.cat\/en\/wp-json\/wp\/v2\/pages\/380","targetHints":{"allow":["GET"]}}],"collection":[{"href":"http:\/\/www.almeda.cat\/en\/wp-json\/wp\/v2\/pages"}],"about":[{"href":"http:\/\/www.almeda.cat\/en\/wp-json\/wp\/v2\/types\/page"}],"author":[{"embeddable":true,"href":"http:\/\/www.almeda.cat\/en\/wp-json\/wp\/v2\/users\/6442"}],"replies":[{"embeddable":true,"href":"http:\/\/www.almeda.cat\/en\/wp-json\/wp\/v2\/comments?post=380"}],"version-history":[{"count":7,"href":"http:\/\/www.almeda.cat\/en\/wp-json\/wp\/v2\/pages\/380\/revisions"}],"predecessor-version":[{"id":382,"href":"http:\/\/www.almeda.cat\/en\/wp-json\/wp\/v2\/pages\/380\/revisions\/382"}],"wp:attachment":[{"href":"http:\/\/www.almeda.cat\/en\/wp-json\/wp\/v2\/media?parent=380"}],"curies":[{"name":"wp","href":"https:\/\/api.w.org\/{rel}","templated":true}]}}