{"id":396,"date":"2012-10-02T08:21:52","date_gmt":"2012-10-02T08:21:52","guid":{"rendered":"http:\/\/www.almeda.cat\/?page_id=396"},"modified":"2013-02-21T15:38:10","modified_gmt":"2013-02-21T15:38:10","slug":"coworking-y-despacho-para-empresarios-autonomos","status":"publish","type":"page","link":"http:\/\/www.almeda.cat\/en\/coworking-y-despacho-para-empresarios-autonomos\/","title":{"rendered":"Coworking y despacho para empresarios aut\u00f3nomos"},"content":{"rendered":"<p>Un trabajador\u00a0<strong>aut\u00f3nomo<\/strong>\u00a0o\u00a0<em>empresario individual<\/em>\u00a0es la persona f\u00edsica que realiza de forma habitual, personal y directa la actividad econ\u00f3mica a t\u00edtulo lucrativo, sin sujeci\u00f3n a contrato de trabajo y aunque utilice el servicio remunerado de otras personas.<\/p>\n<p>Se presupone la condici\u00f3n de trabajador aut\u00f3nomo si se ostenta la titularidad de un establecimiento abierto al p\u00fablico como propietario, usufructuario, arrendatario u otros conceptos an\u00e1logos.<br \/>\n<strong>Pueden ser empresarios individuales:<\/strong><br \/>\n&#8211; Las personas mayores de edad que tengan la libre disposici\u00f3n de sus bienes.<br \/>\n&#8211; Los menores de edad emancipados, con las limitaciones que establece el art\u00edculo 323 del C\u00f3digo Civil.<br \/>\n&#8211; Los menores de edad y los incapacitados, a trav\u00e9s de sus representantes legales.<br \/>\n<strong>Ofrecemos:<\/strong><strong>\u00a0<\/strong><br \/>\n&#8211; Sin inversi\u00f3n previa y precios razonables.<br \/>\n&#8211; Una base de operaciones en un local bien comunicado por transporte p\u00fablico y viales donde se puede aparcar con relativa facilidad.<br \/>\n&#8211; Flexibilidad de horarios y modalidades de contrataci\u00f3n.<br \/>\n&#8211; Climatizaci\u00f3n, buena iluminaci\u00f3n, mesa amplia, sill\u00f3n ergon\u00f3mico, conexi\u00f3n internet y un armario para guardar sus pertenencias todos los elementos propios de una oficina moderna.<br \/>\n&#8211; Inclusi\u00f3n de sus servicios u art\u00edculos en nuestra p\u00e1gina WEB.<\/p>\n<p>Sinergias u oportunidades que puedan surgir entre las personas que cohabitan en un espacio de estas caracter\u00edsticas.<br \/>\nLa mayor\u00eda de ellos vienen del \u00e1mbito de las industrias creativas y los nuevos medios.<\/p>\n","protected":false},"excerpt":{"rendered":"<p>Un trabajador\u00a0aut\u00f3nomo\u00a0o\u00a0empresario individual\u00a0es la persona f\u00edsica que realiza de forma habitual, personal y directa la actividad econ\u00f3mica a t\u00edtulo lucrativo, sin sujeci\u00f3n a contrato [&hellip;]<\/p>\n","protected":false},"author":6442,"featured_media":0,"parent":0,"menu_order":0,"comment_status":"open","ping_status":"open","template":"template-right-sidebar.php","meta":{"footnotes":""},"class_list":["post-396","page","type-page","status-publish","hentry"],"_links":{"self":[{"href":"http:\/\/www.almeda.cat\/en\/wp-json\/wp\/v2\/pages\/396","targetHints":{"allow":["GET"]}}],"collection":[{"href":"http:\/\/www.almeda.cat\/en\/wp-json\/wp\/v2\/pages"}],"about":[{"href":"http:\/\/www.almeda.cat\/en\/wp-json\/wp\/v2\/types\/page"}],"author":[{"embeddable":true,"href":"http:\/\/www.almeda.cat\/en\/wp-json\/wp\/v2\/users\/6442"}],"replies":[{"embeddable":true,"href":"http:\/\/www.almeda.cat\/en\/wp-json\/wp\/v2\/comments?post=396"}],"version-history":[{"count":8,"href":"http:\/\/www.almeda.cat\/en\/wp-json\/wp\/v2\/pages\/396\/revisions"}],"predecessor-version":[{"id":398,"href":"http:\/\/www.almeda.cat\/en\/wp-json\/wp\/v2\/pages\/396\/revisions\/398"}],"wp:attachment":[{"href":"http:\/\/www.almeda.cat\/en\/wp-json\/wp\/v2\/media?parent=396"}],"curies":[{"name":"wp","href":"https:\/\/api.w.org\/{rel}","templated":true}]}}