{"id":403,"date":"2012-10-02T08:27:31","date_gmt":"2012-10-02T08:27:31","guid":{"rendered":"http:\/\/www.almeda.cat\/?page_id=403"},"modified":"2013-02-21T15:21:41","modified_gmt":"2013-02-21T15:21:41","slug":"coworking-y-despacho-para-agentes-comerciales","status":"publish","type":"page","link":"http:\/\/www.almeda.cat\/en\/coworking-y-despacho-para-agentes-comerciales\/","title":{"rendered":"Coworking y despacho para agentes comerciales"},"content":{"rendered":"<p>Un\u00a0<strong>agente comercial<\/strong>\u00a0es un aut\u00f3nomo por cuenta propia, que trabaja para empresas vendiendo sus productos y servicios a clientes a cambio de una comisi\u00f3n doble las ventas realizadas.<br \/>\nLos agentes no son empleados sino comerciales aut\u00f3nomos. Por lo general en todo momento suelen trabajar con varias empresas a llamadas &#8220;principales&#8221; o &#8220;Mandantes&#8221; en t\u00e9rminos legales, suelen forjar una estrecha relaci\u00f3n, trabajando en asociaci\u00f3n con ello.<br \/>\n<strong>Ofrecemos:<\/strong><strong>\u00a0<\/strong><\/p>\n<p>&#8211; Sin inversi\u00f3n previa y precios razonables.<br \/>\n&#8211; Una base de operaciones en un local bien comunicado por transporte p\u00fablico y viales donde se puede aparcar con relativa facilidad.<br \/>\n&#8211; Flexibilidad de horarios y modalidades de contrataci\u00f3n.<br \/>\n&#8211; Climatizaci\u00f3n, buena iluminaci\u00f3n, mesa amplia, sill\u00f3n ergon\u00f3mico, conexi\u00f3n internet y un armario para guardar sus pertenencias todos los elementos propios de un oficina moderna.<br \/>\n&#8211; Inclusi\u00f3n de sus servicios u art\u00edculos en nuestra p\u00e1gina WEB.<\/p>\n<p>Sinergias u oportunidades que puedan surgir entre las personas que cohabitan en un espacio de estas caracter\u00edsticas.<br \/>\nLa mayor\u00eda de ellos vienen del \u00e1mbito de las industrias creativas y los nuevos medios.<\/p>\n","protected":false},"excerpt":{"rendered":"<p>Un\u00a0agente comercial\u00a0es un aut\u00f3nomo por cuenta propia, que trabaja para empresas vendiendo sus productos y servicios a clientes a cambio de una comisi\u00f3n doble [&hellip;]<\/p>\n","protected":false},"author":6442,"featured_media":0,"parent":0,"menu_order":0,"comment_status":"open","ping_status":"open","template":"template-right-sidebar.php","meta":{"footnotes":""},"class_list":["post-403","page","type-page","status-publish","hentry"],"_links":{"self":[{"href":"http:\/\/www.almeda.cat\/en\/wp-json\/wp\/v2\/pages\/403","targetHints":{"allow":["GET"]}}],"collection":[{"href":"http:\/\/www.almeda.cat\/en\/wp-json\/wp\/v2\/pages"}],"about":[{"href":"http:\/\/www.almeda.cat\/en\/wp-json\/wp\/v2\/types\/page"}],"author":[{"embeddable":true,"href":"http:\/\/www.almeda.cat\/en\/wp-json\/wp\/v2\/users\/6442"}],"replies":[{"embeddable":true,"href":"http:\/\/www.almeda.cat\/en\/wp-json\/wp\/v2\/comments?post=403"}],"version-history":[{"count":5,"href":"http:\/\/www.almeda.cat\/en\/wp-json\/wp\/v2\/pages\/403\/revisions"}],"predecessor-version":[{"id":405,"href":"http:\/\/www.almeda.cat\/en\/wp-json\/wp\/v2\/pages\/403\/revisions\/405"}],"wp:attachment":[{"href":"http:\/\/www.almeda.cat\/en\/wp-json\/wp\/v2\/media?parent=403"}],"curies":[{"name":"wp","href":"https:\/\/api.w.org\/{rel}","templated":true}]}}