{"id":407,"date":"2012-10-02T08:33:48","date_gmt":"2012-10-02T08:33:48","guid":{"rendered":"http:\/\/www.almeda.cat\/?page_id=407"},"modified":"2013-02-21T15:40:27","modified_gmt":"2013-02-21T15:40:27","slug":"coworking-y-despacho-para-gestores","status":"publish","type":"page","link":"http:\/\/www.almeda.cat\/en\/coworking-y-despacho-para-gestores\/","title":{"rendered":"Coworking y despacho para gestores"},"content":{"rendered":"<p><strong>Gestor<\/strong>\u00a0es una persona de una empresa que participa en la administraci\u00f3n de esta o persona que se dedica profesionalmente a promover y activar en las oficinas p\u00fablicas asuntos particulares o de sociedades.<br \/>\nPersona que sin tener mandato para ello, cuida bienes, negocios o intereses ajenos, en pro de aquel a quien pertenecen.<br \/>\n<strong>Ofrecemos:<\/strong><strong>\u00a0<\/strong><br \/>\n&#8211; Sin inversi\u00f3n previa y precios razonables.<br \/>\n&#8211; Una base de operaciones en un local bien comunicado por transporte p\u00fablico y viales donde se puede aparcar con relativa facilidad.<br \/>\n&#8211; Flexibilidad de horarios y modalidades de contrataci\u00f3n.<br \/>\n&#8211; Climatizaci\u00f3n, buena iluminaci\u00f3n, mesa amplia, sill\u00f3n ergon\u00f3mico, conexi\u00f3n internet y un armario para guardar sus pertenencias todos los elementos propios de una oficina moderna.<br \/>\n&#8211; Inclusi\u00f3n de sus servicios u art\u00edculos en nuestra p\u00e1gina WEB.<\/p>\n<p>Sinergias u oportunidades que puedan surgir entre las personas que cohabitan en un espacio de estas caracter\u00edsticas.<br \/>\nLa mayor\u00eda de ellos vienen del \u00e1mbito de las industrias creativas y los nuevos medios.<\/p>\n","protected":false},"excerpt":{"rendered":"<p>Gestor\u00a0es una persona de una empresa que participa en la administraci\u00f3n de esta o persona que se dedica profesionalmente a promover y activar en [&hellip;]<\/p>\n","protected":false},"author":6442,"featured_media":0,"parent":0,"menu_order":0,"comment_status":"open","ping_status":"open","template":"template-right-sidebar.php","meta":{"footnotes":""},"class_list":["post-407","page","type-page","status-publish","hentry"],"_links":{"self":[{"href":"http:\/\/www.almeda.cat\/en\/wp-json\/wp\/v2\/pages\/407","targetHints":{"allow":["GET"]}}],"collection":[{"href":"http:\/\/www.almeda.cat\/en\/wp-json\/wp\/v2\/pages"}],"about":[{"href":"http:\/\/www.almeda.cat\/en\/wp-json\/wp\/v2\/types\/page"}],"author":[{"embeddable":true,"href":"http:\/\/www.almeda.cat\/en\/wp-json\/wp\/v2\/users\/6442"}],"replies":[{"embeddable":true,"href":"http:\/\/www.almeda.cat\/en\/wp-json\/wp\/v2\/comments?post=407"}],"version-history":[{"count":6,"href":"http:\/\/www.almeda.cat\/en\/wp-json\/wp\/v2\/pages\/407\/revisions"}],"predecessor-version":[{"id":409,"href":"http:\/\/www.almeda.cat\/en\/wp-json\/wp\/v2\/pages\/407\/revisions\/409"}],"wp:attachment":[{"href":"http:\/\/www.almeda.cat\/en\/wp-json\/wp\/v2\/media?parent=407"}],"curies":[{"name":"wp","href":"https:\/\/api.w.org\/{rel}","templated":true}]}}