{"id":412,"date":"2012-10-02T08:43:20","date_gmt":"2012-10-02T08:43:20","guid":{"rendered":"http:\/\/www.almeda.cat\/?page_id=412"},"modified":"2013-02-21T15:23:17","modified_gmt":"2013-02-21T15:23:17","slug":"coworking-y-despacho-para-arquitectos-e-interioristas","status":"publish","type":"page","link":"http:\/\/www.almeda.cat\/en\/coworking-y-despacho-para-arquitectos-e-interioristas\/","title":{"rendered":"Coworking y despacho para arquitectos e interioristas"},"content":{"rendered":"<p>La\u00a0<strong>arquitectura<\/strong>\u00a0es el arte y t\u00e9cnica de proyectar y dise\u00f1ar edificios, otras estructuras y espacios que forman el entorno humano.<br \/>\nEl\u00a0<strong>interiorismo<\/strong>\u00a0trabaja sobre todo aquello que viene despu\u00e9s de la arquitectura, sobre \u00a0el espacio que \u00e9sta deja tras de s\u00ed. Y es el arte de acondicionar y decorar los espacios interiores de la arquitectura.<br \/>\n<strong>Ofrecemos:<\/strong><strong>\u00a0<\/strong><br \/>\n&#8211; Sin inversi\u00f3n previa y precios razonables.<br \/>\n&#8211; Una base de operaciones en un local bien comunicado por transporte p\u00fablico y viales donde se puede aparcar con relativa facilidad.<br \/>\n&#8211; Flexibilidad de horarios y modalidades de contrataci\u00f3n.<br \/>\n&#8211; Climatizaci\u00f3n, buena iluminaci\u00f3n, mesa amplia, sill\u00f3n ergon\u00f3mico, conexi\u00f3n internet y un armario para guardar sus pertenencias todos los elementos propios de una oficina moderna.<br \/>\n&#8211; Inclusi\u00f3n de sus servicios u art\u00edculos en nuestra p\u00e1gina WEB.<\/p>\n<p>Sinergias u oportunidades que puedan surgir entre las personas que cohabitan en un espacio de estas caracter\u00edsticas.<br \/>\nLa mayor\u00eda de ellos vienen del \u00e1mbito de las industrias creativas y los nuevos medios.<\/p>\n","protected":false},"excerpt":{"rendered":"<p>La\u00a0arquitectura\u00a0es el arte y t\u00e9cnica de proyectar y dise\u00f1ar edificios, otras estructuras y espacios que forman el entorno humano. El\u00a0interiorismo\u00a0trabaja sobre todo aquello que [&hellip;]<\/p>\n","protected":false},"author":6442,"featured_media":0,"parent":0,"menu_order":0,"comment_status":"open","ping_status":"open","template":"template-right-sidebar.php","meta":{"footnotes":""},"class_list":["post-412","page","type-page","status-publish","hentry"],"_links":{"self":[{"href":"http:\/\/www.almeda.cat\/en\/wp-json\/wp\/v2\/pages\/412","targetHints":{"allow":["GET"]}}],"collection":[{"href":"http:\/\/www.almeda.cat\/en\/wp-json\/wp\/v2\/pages"}],"about":[{"href":"http:\/\/www.almeda.cat\/en\/wp-json\/wp\/v2\/types\/page"}],"author":[{"embeddable":true,"href":"http:\/\/www.almeda.cat\/en\/wp-json\/wp\/v2\/users\/6442"}],"replies":[{"embeddable":true,"href":"http:\/\/www.almeda.cat\/en\/wp-json\/wp\/v2\/comments?post=412"}],"version-history":[{"count":7,"href":"http:\/\/www.almeda.cat\/en\/wp-json\/wp\/v2\/pages\/412\/revisions"}],"predecessor-version":[{"id":416,"href":"http:\/\/www.almeda.cat\/en\/wp-json\/wp\/v2\/pages\/412\/revisions\/416"}],"wp:attachment":[{"href":"http:\/\/www.almeda.cat\/en\/wp-json\/wp\/v2\/media?parent=412"}],"curies":[{"name":"wp","href":"https:\/\/api.w.org\/{rel}","templated":true}]}}