{"id":417,"date":"2012-10-02T08:47:05","date_gmt":"2012-10-02T08:47:05","guid":{"rendered":"http:\/\/www.almeda.cat\/?page_id=417"},"modified":"2013-02-21T15:39:57","modified_gmt":"2013-02-21T15:39:57","slug":"coworking-y-despacho-para-ingenieros","status":"publish","type":"page","link":"http:\/\/www.almeda.cat\/en\/coworking-y-despacho-para-ingenieros\/","title":{"rendered":"Coworking y despacho para ingenieros"},"content":{"rendered":"<p>Los\u00a0<strong>ingenieros<\/strong>\u00a0utilizan el conocimiento de la ciencia, la matem\u00e1tica y la experiencia apropiada para encontrar las mejores soluciones a los problemas concretos, creando los modelos matem\u00e1ticos apropiados de los problemas que les permiten analizarlos rigurosamente y probar las soluciones potenciales. Si existen m\u00faltiples soluciones razonables, los ingenieros eval\u00faan las diferentes opciones de dise\u00f1o sobre la base de sus cualidades y eligen la soluci\u00f3n que mejor se adapta a las necesidades.<br \/>\nPara hacer dise\u00f1os est\u00e1ndar y f\u00e1ciles, las computadoras tienen un papel importante. Utilizando los programas de<br \/>\ndise\u00f1o asistido por ordenador), los ingenieros pueden obtener m\u00e1s informaci\u00f3n sobre sus dise\u00f1os.<br \/>\nEl ordenador puede traducir autom\u00e1ticamente algunos modelos en instrucciones aptas para fabricar un dise\u00f1o.<br \/>\nLa computadora tambi\u00e9n permite una reutilizaci\u00f3n mayor de dise\u00f1os desarrollados anteriormente, mostr\u00e1ndole al<br \/>\ningeniero una biblioteca de partes predefinidas para ser utilizadas en sus propios dise\u00f1os.<br \/>\n<strong>Ofrecemos:<\/strong><strong>\u00a0<\/strong><br \/>\n&#8211; Sin inversi\u00f3n previa y precios razonables.<br \/>\n&#8211; Una base de operaciones en un local bien comunicado por transporte p\u00fablico y viales donde se puede aparcar con relativa facilidad.<br \/>\n&#8211; Flexibilidad de horarios y modalidades de contrataci\u00f3n.<br \/>\n&#8211; Climatizaci\u00f3n, buena iluminaci\u00f3n, mesa amplia, sill\u00f3n ergon\u00f3mico, conexi\u00f3n internet y un armario para guardar sus pertenencias todos los elementos propios de una oficina moderna.<br \/>\n&#8211; Inclusi\u00f3n de sus servicios u art\u00edculos en nuestra p\u00e1gina WEB.<\/p>\n<p>Sinergias u oportunidades que puedan surgir entre las personas que cohabitan en un espacio de estas caracter\u00edsticas.<br \/>\nLa mayor\u00eda de ellos vienen del \u00e1mbito de las industrias creativas y los nuevos medios.<\/p>\n","protected":false},"excerpt":{"rendered":"<p>Los\u00a0ingenieros\u00a0utilizan el conocimiento de la ciencia, la matem\u00e1tica y la experiencia apropiada para encontrar las mejores soluciones a los problemas concretos, creando los modelos [&hellip;]<\/p>\n","protected":false},"author":6442,"featured_media":0,"parent":0,"menu_order":0,"comment_status":"open","ping_status":"open","template":"template-right-sidebar.php","meta":{"footnotes":""},"class_list":["post-417","page","type-page","status-publish","hentry"],"_links":{"self":[{"href":"http:\/\/www.almeda.cat\/en\/wp-json\/wp\/v2\/pages\/417","targetHints":{"allow":["GET"]}}],"collection":[{"href":"http:\/\/www.almeda.cat\/en\/wp-json\/wp\/v2\/pages"}],"about":[{"href":"http:\/\/www.almeda.cat\/en\/wp-json\/wp\/v2\/types\/page"}],"author":[{"embeddable":true,"href":"http:\/\/www.almeda.cat\/en\/wp-json\/wp\/v2\/users\/6442"}],"replies":[{"embeddable":true,"href":"http:\/\/www.almeda.cat\/en\/wp-json\/wp\/v2\/comments?post=417"}],"version-history":[{"count":5,"href":"http:\/\/www.almeda.cat\/en\/wp-json\/wp\/v2\/pages\/417\/revisions"}],"predecessor-version":[{"id":822,"href":"http:\/\/www.almeda.cat\/en\/wp-json\/wp\/v2\/pages\/417\/revisions\/822"}],"wp:attachment":[{"href":"http:\/\/www.almeda.cat\/en\/wp-json\/wp\/v2\/media?parent=417"}],"curies":[{"name":"wp","href":"https:\/\/api.w.org\/{rel}","templated":true}]}}