{"id":420,"date":"2012-10-02T08:52:34","date_gmt":"2012-10-02T08:52:34","guid":{"rendered":"http:\/\/www.almeda.cat\/?page_id=420"},"modified":"2013-02-21T15:39:27","modified_gmt":"2013-02-21T15:39:27","slug":"coworking-y-despacho-para-periodistas","status":"publish","type":"page","link":"http:\/\/www.almeda.cat\/en\/coworking-y-despacho-para-periodistas\/","title":{"rendered":"Coworking y despacho para periodistas"},"content":{"rendered":"<p>Un\u00a0<strong>periodista<\/strong>\u00a0es la persona que se dedica profesionalmente al periodismo, en cualquiera de sus formas, ya sea en la prensa escrita, radio, televisi\u00f3n o medios digitales. Su trabajo consiste en descubrir e investigar temas de inter\u00e9s p\u00fablico, contrastarlos, sintetizarlos, jerarquizarlos y publicarlos. Para ello recurre a fuentes period\u00edsticas fiables y verificables. As\u00ed elabora sus art\u00edculos, que pueden tomar varias formas para su difusi\u00f3n: oral, escrita, visual.<br \/>\n<strong>Ofrecemos:<\/strong><strong>\u00a0<\/strong><br \/>\n&#8211; Sin inversi\u00f3n previa y precios razonables.<br \/>\n&#8211; Una base de operaciones en un local bien comunicado por transporte p\u00fablico y viales donde se puede aparcar con relativa facilidad.<br \/>\n&#8211; Flexibilidad de horarios y modalidades de contrataci\u00f3n.<br \/>\n&#8211; Climatizaci\u00f3n, buena iluminaci\u00f3n, mesa amplia, sill\u00f3n ergon\u00f3mico, conexi\u00f3n internet y un armario para guardar sus pertenencias todos los elementos propios de una oficina moderna.<br \/>\n&#8211; Inclusi\u00f3n de sus servicios u art\u00edculos en nuestra p\u00e1gina WEB.<\/p>\n<p>Sinergias u oportunidades que puedan surgir entre las personas que cohabitan en un espacio de estas caracter\u00edsticas.<br \/>\nLa mayor\u00eda de ellos vienen del \u00e1mbito de las industrias creativas y los nuevos medios.<\/p>\n","protected":false},"excerpt":{"rendered":"<p>Un\u00a0periodista\u00a0es la persona que se dedica profesionalmente al periodismo, en cualquiera de sus formas, ya sea en la prensa escrita, radio, televisi\u00f3n o medios [&hellip;]<\/p>\n","protected":false},"author":6442,"featured_media":0,"parent":0,"menu_order":0,"comment_status":"open","ping_status":"open","template":"template-right-sidebar.php","meta":{"footnotes":""},"class_list":["post-420","page","type-page","status-publish","hentry"],"_links":{"self":[{"href":"http:\/\/www.almeda.cat\/en\/wp-json\/wp\/v2\/pages\/420","targetHints":{"allow":["GET"]}}],"collection":[{"href":"http:\/\/www.almeda.cat\/en\/wp-json\/wp\/v2\/pages"}],"about":[{"href":"http:\/\/www.almeda.cat\/en\/wp-json\/wp\/v2\/types\/page"}],"author":[{"embeddable":true,"href":"http:\/\/www.almeda.cat\/en\/wp-json\/wp\/v2\/users\/6442"}],"replies":[{"embeddable":true,"href":"http:\/\/www.almeda.cat\/en\/wp-json\/wp\/v2\/comments?post=420"}],"version-history":[{"count":4,"href":"http:\/\/www.almeda.cat\/en\/wp-json\/wp\/v2\/pages\/420\/revisions"}],"predecessor-version":[{"id":820,"href":"http:\/\/www.almeda.cat\/en\/wp-json\/wp\/v2\/pages\/420\/revisions\/820"}],"wp:attachment":[{"href":"http:\/\/www.almeda.cat\/en\/wp-json\/wp\/v2\/media?parent=420"}],"curies":[{"name":"wp","href":"https:\/\/api.w.org\/{rel}","templated":true}]}}