{"id":128,"date":"2012-06-14T09:10:42","date_gmt":"2012-06-14T09:10:42","guid":{"rendered":"http:\/\/www.almeda.cat\/blog\/?page_id=128"},"modified":"2015-12-14T16:57:25","modified_gmt":"2015-12-14T16:57:25","slug":"inicio","status":"publish","type":"page","link":"https:\/\/www.almeda.cat\/ca\/","title":{"rendered":"Inici"},"content":{"rendered":"<p><\/p>\n<h1>Lloguer locals, coworking i lloguer trasters a Cornell\u00e0.<\/h1>\n<p>&nbsp;<\/p>\n<div>\n<p style=\"margin-right: 10px;\">Edifici Almeda 10 C.B. (EA10) est\u00e0 constitu\u00efda per un grup de propietaris particulars de naus i locals. Inscrita a la Generalitat de Catalunya i a l&#8217;Ag\u00e8ncia Estatal Tribut\u00e0ria. Es dedica des de 1981 a l&#8217;arrendament d&#8217;aquests locals.<\/p>\n<p>Alguns dels nostres clients tenen una antiguitat de 30 anys. Hem conegut al pare com a fundador de l&#8217;empresa, i ara treballem amb els fills, i aquesta \u00e9s la nostra millor carta de presentaci\u00f3.<\/p>\n<p>Si es poden compartir oficines, centres m\u00e8dics etc. Perqu\u00e8 no compartir tallers &#8230;. Ho estem estudiant amb molt d&#8217;afecte. Si t&#8217;interessa segueix-nos visitant hauran not\u00edcies.<\/p>\n<p>Esperem que la nostra oferta sigui del seu inter\u00e8s i en qualsevol cas moltes gr\u00e0cies per la seva curiositat en con\u00e8ixer-nos.<\/p>\n<\/div>\n<p><\/p>","protected":false},"excerpt":{"rendered":"<p>Lloguer locals, coworking i lloguer trasters a Cornell\u00e0. &nbsp; Edifici Almeda 10 C.B. (EA10) est\u00e0 constitu\u00efda per un grup de propietaris particulars de naus [&hellip;]<\/p>\n","protected":false},"author":6442,"featured_media":0,"parent":0,"menu_order":0,"comment_status":"open","ping_status":"open","template":"","meta":{"footnotes":""},"class_list":["post-128","page","type-page","status-publish","hentry"],"_links":{"self":[{"href":"https:\/\/www.almeda.cat\/ca\/wp-json\/wp\/v2\/pages\/128","targetHints":{"allow":["GET"]}}],"collection":[{"href":"https:\/\/www.almeda.cat\/ca\/wp-json\/wp\/v2\/pages"}],"about":[{"href":"https:\/\/www.almeda.cat\/ca\/wp-json\/wp\/v2\/types\/page"}],"author":[{"embeddable":true,"href":"https:\/\/www.almeda.cat\/ca\/wp-json\/wp\/v2\/users\/6442"}],"replies":[{"embeddable":true,"href":"https:\/\/www.almeda.cat\/ca\/wp-json\/wp\/v2\/comments?post=128"}],"version-history":[{"count":8,"href":"https:\/\/www.almeda.cat\/ca\/wp-json\/wp\/v2\/pages\/128\/revisions"}],"predecessor-version":[{"id":1707,"href":"https:\/\/www.almeda.cat\/ca\/wp-json\/wp\/v2\/pages\/128\/revisions\/1707"}],"wp:attachment":[{"href":"https:\/\/www.almeda.cat\/ca\/wp-json\/wp\/v2\/media?parent=128"}],"curies":[{"name":"wp","href":"https:\/\/api.w.org\/{rel}","templated":true}]}}