{"id":130,"date":"2012-06-14T09:20:13","date_gmt":"2012-06-14T09:20:13","guid":{"rendered":"http:\/\/www.almeda.cat\/blog\/?page_id=130"},"modified":"2014-06-19T08:14:49","modified_gmt":"2014-06-19T08:14:49","slug":"que-es-coworking","status":"publish","type":"page","link":"https:\/\/www.almeda.cat\/ca\/que-es-coworking\/","title":{"rendered":"Almeda CoWorking"},"content":{"rendered":"<p><\/p>\n<h1>Qu\u00e8 \u00e9s CoWorking?<\/h1>\n<h3>Coworking Barcelona, una oportunitat en un ambient molt especial<\/h3>\n<p><img loading=\"lazy\" decoding=\"async\" class=\"alignleft  wp-image-316\" title=\"coworking\" alt=\"\" src=\"http:\/\/www.almeda.cat\/wp-content\/uploads\/coworking.png\" width=\"322\" height=\"194\" srcset=\"https:\/\/www.almeda.cat\/wp-content\/uploads\/coworking.png 555w, https:\/\/www.almeda.cat\/wp-content\/uploads\/coworking-300x181.png 300w\" sizes=\"auto, (max-width: 322px) 100vw, 322px\" \/>En aquesta modalitat de treball compartit, coworking Baix Llobregat posa a la disposici\u00f3 de l\u2019usuari tots els elements necessaris per al desenvolupament de la seva activitat, tals com a taules de treball i mobiliari necessari, cond\u00edcies, vestuaris, climatitzaci\u00f3, acc\u00e9s a internet, servei telef\u00f2nic, fax, fotocopiadora, impressi\u00f3 de documents, i en general tot all\u00f2 que precisa en una oficina.<\/p>\n<p>El fet que diferents usuaris comparteixin les mateixes instal\u00b7lacions comporta que sense inversi\u00f3 per la seva banda, els costos de les mateixes siguin not\u00f2riament inferiors als quals l\u2019arrendament d\u2019oficines dedicades pot oferir a persones amb dif\u00edcil acc\u00e9s al m\u00f3n laboral, la qual cosa en les actuals circumst\u00e0ncies econ\u00f2miques del pa\u00eds \u00e9s fonamental per a la recuperaci\u00f3 econ\u00f2mica de la societat.<\/p>\n<p>El Coworking en Barcelona s\u2019est\u00e0 demostrant com un efica\u00e7 mitj\u00e0 de creaci\u00f3 i d\u2019ocupaci\u00f3, ja que respon a la necessitat de petits emprenedors, aut\u00f2noms, professionals, freelance d\u2019iniciar o continuar activitats professionals, que d\u2019una altra forma tindrien costos inassumibles, i sense la solitud del treballador per compte propi.<\/p>\n<h3>Almeda CoWorking ofereix<\/h3>\n<p><img loading=\"lazy\" decoding=\"async\" class=\"alignleft  wp-image-317\" title=\"coworking2\" alt=\"\" src=\"http:\/\/www.almeda.cat\/wp-content\/uploads\/coworking2.png\" width=\"321\" height=\"194\" srcset=\"https:\/\/www.almeda.cat\/wp-content\/uploads\/coworking2.png 566w, https:\/\/www.almeda.cat\/wp-content\/uploads\/coworking2-300x181.png 300w\" sizes=\"auto, (max-width: 321px) 100vw, 321px\" \/><br \/>\nLocals climatitzats i amb serveis sanitaris i de neteja.<br \/>\nAmb llum di\u00fcrna i enllumenat d\u2019alta tecnologia LED.<br \/>\nSala per a recepci\u00f3 de visites.<br \/>\nLloc de treball compost per taula, sillonet, armari de documents.<br \/>\nServeis comuns d\u2019Internet, tel\u00e8fon, fotocopiadora, fax esc\u00e0ner i impressora.<br \/>\nDomiciliaci\u00f3 d\u2019empreses, recepci\u00f3 de correu postal i notificacions.<br \/>\nCorreu electr\u00f2nic.<\/p>\n<h3>Despatxos<\/h3>\n<p>Tamb\u00e9 disposem de despatxos privats en r\u00e8gim tipus Coworking, \u00e9s a dir amb tots els serveis inclosos: taules, cadires ergon\u00f2miques, armariets, connexi\u00f3 internet tipus Wifi, tel\u00e8fon, fotocopiadora, fax, impressora, destrucci\u00f3 de documents, climatitzaci\u00f3, subministrament el\u00e8ctric, etc ..<\/p>\n<p>El contracte ser\u00e0 mensual, renovable.<\/p>\n<p>Tenim 1 categoria de despatx: tipus PP.<\/p>\n<p>Els despatxos tipus PP s\u00f3n de mesures entre 7 i 10 m2 i tenen capacitat per a fins a 2 taules est\u00e0ndard de 140\u00d780 cm.<\/p>\n<h3>Qu\u00e8 \u00e9s CoworkingSpain Visa?<\/h3>\n<p><strong>CoworkingSpain Visa<\/strong> permet als membres d\u2019un espai de coworking l\u2019\u00fas d\u2019altres espais de forma gratu\u00efta durant 2-3 dies.<\/p>\n<p>Aquest servei est\u00e0 pensat principalment per a usuaris que es desplacen de la seva ciutat. I s\u2019est\u00e0 tramitant per implantar-lo internacionalment.<\/p>","protected":false},"excerpt":{"rendered":"<p>Qu\u00e8 \u00e9s CoWorking? Coworking Barcelona, una oportunitat en un ambient molt especial En aquesta modalitat de treball compartit, coworking Baix Llobregat posa a la [&hellip;]<\/p>\n","protected":false},"author":6442,"featured_media":0,"parent":0,"menu_order":0,"comment_status":"open","ping_status":"open","template":"","meta":{"footnotes":""},"class_list":["post-130","page","type-page","status-publish","hentry"],"_links":{"self":[{"href":"https:\/\/www.almeda.cat\/ca\/wp-json\/wp\/v2\/pages\/130","targetHints":{"allow":["GET"]}}],"collection":[{"href":"https:\/\/www.almeda.cat\/ca\/wp-json\/wp\/v2\/pages"}],"about":[{"href":"https:\/\/www.almeda.cat\/ca\/wp-json\/wp\/v2\/types\/page"}],"author":[{"embeddable":true,"href":"https:\/\/www.almeda.cat\/ca\/wp-json\/wp\/v2\/users\/6442"}],"replies":[{"embeddable":true,"href":"https:\/\/www.almeda.cat\/ca\/wp-json\/wp\/v2\/comments?post=130"}],"version-history":[{"count":6,"href":"https:\/\/www.almeda.cat\/ca\/wp-json\/wp\/v2\/pages\/130\/revisions"}],"predecessor-version":[{"id":1561,"href":"https:\/\/www.almeda.cat\/ca\/wp-json\/wp\/v2\/pages\/130\/revisions\/1561"}],"wp:attachment":[{"href":"https:\/\/www.almeda.cat\/ca\/wp-json\/wp\/v2\/media?parent=130"}],"curies":[{"name":"wp","href":"https:\/\/api.w.org\/{rel}","templated":true}]}}