{"id":139,"date":"2012-06-14T09:22:36","date_gmt":"2012-06-14T09:22:36","guid":{"rendered":"http:\/\/www.almeda.cat\/blog\/?page_id=139"},"modified":"2017-11-22T16:29:18","modified_gmt":"2017-11-22T16:29:18","slug":"alquiler-locales-industriales-y-oficinas-coworking-en-cornella","status":"publish","type":"page","link":"https:\/\/www.almeda.cat\/ca\/alquiler-locales-industriales-y-oficinas-coworking-en-cornella\/","title":{"rendered":"Edifici Almeda 10 CB"},"content":{"rendered":"<p><\/p>\n<h1>Lloguer locals industrials i oficines, CoWorking a Cornell\u00e0.<\/h1>\n<p>(veure disponibilitats a peu de p\u00e0gina)<\/p>\n<p><div class=\"column one-third\"><div class=\"scale-with-grid wp-caption alignleft no-border\"><div class=\"photo\"><div class=\"photo_wrapper\"><a href=\"http:\/\/www.almeda.cat\/wp-content\/uploads\/2013-10-24-16.07-new.jpg\" class=\"fancybox\" ><img decoding=\"async\" class=\"scale-with-grid\" src=\"http:\/\/www.almeda.cat\/wp-content\/uploads\/2013-10-24-16.07-new.jpg\" alt=\"Edificio Almeda\" \/><div class=\"mask\"><\/div><i class=\"icon-eye-open\"><\/i><\/a><\/div><\/div><p class=\"wp-caption-text\">Edifici Almeda<\/p><\/div>\n<\/div>\n<div class=\"column two-third\">Edifici Almeda 10 C.B. ( EA10 ) est\u00e0 constitu\u00efda per un grup de propietaris particulars de naus i locals . Inscrita a la Generalitat de Catalunya ia l&#8217;Ag\u00e8ncia Estatal Tribut\u00e0ria . Es dedica des de 1981 a l&#8217;arrendament d&#8217;aquests locals .<\/p>\n<p>Alguns dels nostres clients tenen una antiguitat de 30 anys . Hem conegut al pare com a fundador de l&#8217;empresa , i ara treballem amb els fills , i aquesta \u00e9s la nostra millor carta de presentaci\u00f3 .<\/p>\n<p>Hem decidit a arrencar amb CWAlmeda , un projecte de Coworking ambici\u00f3s per dotar part de les nostres instal \u00b7 lacions de tot el necessari per vost\u00e8 se senti c\u00f2mode i tingui els mitjans adequats per realitzar-la .<\/p>\n<p>No ens quedarem nom\u00e9s en CWAlmeda , si es poden compartir oficines , centres m\u00e8dics etc . Perqu\u00e8 no compartir tallers &#8230;. Ho estem estudiant amb molt d&#8217;afecte . Si et inter\u00e8s segueix-nos visitant hauran not\u00edcies.<\/p>\n<p>Esperem que la nostra oferta sigui del seu inter\u00e8s i en qualsevol cas moltes gr\u00e0cies per la seva curiositat en con\u00e8ixer-nos.<\/div>\n<\/p>\n<h3>Situaci\u00f3<\/h3>\n<p>Dolores Almeda 10 Local 7, Cornell\u00e1 de Llobregat, Barcelona a 100m de parada FFCC Almeda (Parte de Pza. Espa\u00f1a), a 100m sortida 15 Ronda Litoral, A 100m carretera de Barcelona a Hopitalet de Llobregat (Pasa Bus). A 250m sortida de A2 R.C.D. Espa\u00f1ol.<\/p>\n<p><iframe loading=\"lazy\" src=\"https:\/\/www.google.com\/maps\/embed?pb=!1m18!1m12!1m3!1d2994.892250507157!2d2.083477215424772!3d41.35469567926716!2m3!1f0!2f0!3f0!3m2!1i1024!2i768!4f13.1!3m3!1m2!1s0x12a4994782f78e3f%3A0x82cd4c34f1ec45ba!2sAlmeda+CoWorking!5e0!3m2!1ses!2sus!4v1455182746538\" width=\"100%\" height=\"500\" frameborder=\"0\" style=\"border:0\" allowfullscreen><\/iframe><\/p>\n<h3>Locals disponibles:<\/h3>\n<p><a class=\"button button_large button_orange \" href=\"https:\/\/almedacoworking.wordpress.com\/\" target=\"_blank\">M\u00e9s informaci\u00f3 sobre locals<\/a>\n<\/p>","protected":false},"excerpt":{"rendered":"<p>Lloguer locals industrials i oficines, CoWorking a Cornell\u00e0. (veure disponibilitats a peu de p\u00e0gina) Situaci\u00f3 Dolores Almeda 10 Local 7, Cornell\u00e1 de Llobregat, Barcelona [&hellip;]<\/p>\n","protected":false},"author":6442,"featured_media":0,"parent":0,"menu_order":0,"comment_status":"open","ping_status":"open","template":"","meta":{"footnotes":""},"class_list":["post-139","page","type-page","status-publish","hentry"],"_links":{"self":[{"href":"https:\/\/www.almeda.cat\/ca\/wp-json\/wp\/v2\/pages\/139","targetHints":{"allow":["GET"]}}],"collection":[{"href":"https:\/\/www.almeda.cat\/ca\/wp-json\/wp\/v2\/pages"}],"about":[{"href":"https:\/\/www.almeda.cat\/ca\/wp-json\/wp\/v2\/types\/page"}],"author":[{"embeddable":true,"href":"https:\/\/www.almeda.cat\/ca\/wp-json\/wp\/v2\/users\/6442"}],"replies":[{"embeddable":true,"href":"https:\/\/www.almeda.cat\/ca\/wp-json\/wp\/v2\/comments?post=139"}],"version-history":[{"count":10,"href":"https:\/\/www.almeda.cat\/ca\/wp-json\/wp\/v2\/pages\/139\/revisions"}],"predecessor-version":[{"id":2495,"href":"https:\/\/www.almeda.cat\/ca\/wp-json\/wp\/v2\/pages\/139\/revisions\/2495"}],"wp:attachment":[{"href":"https:\/\/www.almeda.cat\/ca\/wp-json\/wp\/v2\/media?parent=139"}],"curies":[{"name":"wp","href":"https:\/\/api.w.org\/{rel}","templated":true}]}}