{"id":896,"date":"2013-10-28T11:37:09","date_gmt":"2013-10-28T11:37:09","guid":{"rendered":"http:\/\/www.almeda.cat\/?page_id=896"},"modified":"2016-02-11T09:45:59","modified_gmt":"2016-02-11T09:45:59","slug":"minilocales-para-miniactividades","status":"publish","type":"page","link":"https:\/\/www.almeda.cat\/ca\/minilocales-para-miniactividades\/","title":{"rendered":"Mini locals per a mini activitats"},"content":{"rendered":"<p><\/p>\n<h3>Mini locals<\/h3>\n<p>Per un preu molt raonable Almeda Coworking li lloga petits locals de 10 m2 adequats per a petits muntatges, costura, bricolatge, Belles Arts, Artesania, Oci etc ..<br \/>\nA difer\u00e8ncia dels trasters estan preparats per realitzar una activitat en el seu interior. S\u00f3n uns locals adaptats a normes amb il \u00b7 luminaci\u00f3 adequada i ventilaci\u00f3.<br \/>\nLa instal\u00b7laci\u00f3 el\u00e8ctrica per 4,4 kW 20 A est\u00e0 adequadament protegida amb magnetot\u00e8rmic i diferencial i disposa d&#8217;un comptador el\u00e8ctric per a cada local, il\u00b7luminaci\u00f3 d&#8217;emerg\u00e8ncia, Wifi gratu\u00eft i si necessita un tel\u00e8fon fix, l&#8217;hi proporcionem.<\/p>\n<h3>Disposem de 2 tipus de mini locals<\/h3>\n<h4>Boxes per a taller<\/h4>\n<p>Completament equipats per iniciar l&#8217;activitat disposen d&#8217;Instal\u00b7laci\u00f3 el\u00e8ctrica 20A 4,400 Kw ampliable protegida amb magnetot\u00e8rmic, diferencial i llums d&#8217;emerg\u00e8ncia, Internet via Wifi, possibilitat d&#8217;aire comprimit.<\/p>\n<h3>Ocupaci\u00f3 immediata sense obres ni instal\u00b7lacions a realitzar.<\/h3>\n<h4>Boxes per a despatxos<\/h4>\n<p>Mini locals Albereda li ofereix petits locals de 10m2 perqu\u00e8 pugui instal\u00b7lar-se sense despeses inicials ni tr\u00e0mits amb tots els serveis: internet, fax, impressora, fotocopiadora, esc\u00e0ner, destructor de documents, saleta per rebre visites. Si ho necessita li podem llogar els mobles.<\/p>\n<p>8 locals d&#8217;aproximadament 10 m2 per al desenvolupament de petits muntatges, Belles Arts, artesania, costura, bricolatge, oci etc &#8230;<\/p>\n<p><div class=\"column one-third\"> <div class=\"scale-with-grid wp-caption alignleft no-border\"><div class=\"photo\"><div class=\"photo_wrapper\"><a href=\"http:\/\/www.almeda.cat\/wp-content\/uploads\/Local-pp2-distribuci\u00f3n-Boxes-610x700.jpg\" class=\"fancybox\" ><img decoding=\"async\" class=\"scale-with-grid\" src=\"http:\/\/www.almeda.cat\/wp-content\/uploads\/Local-pp2-distribuci\u00f3n-Boxes-610x700.jpg\" alt=\"Distribuci\u00f3 boxes\" \/><div class=\"mask\"><\/div><i class=\"icon-eye-open\"><\/i><\/a><\/div><\/div><p class=\"wp-caption-text\">Distribuci\u00f3 boxes<\/p><\/div>\n <\/div>\n<div class=\"column one-third\"> <div class=\"scale-with-grid wp-caption alignleft no-border\"><div class=\"photo\"><div class=\"photo_wrapper\"><a href=\"http:\/\/www.almeda.cat\/wp-content\/uploads\/minilocales-1-305x406.jpg\" class=\"fancybox\" ><img decoding=\"async\" class=\"scale-with-grid\" src=\"http:\/\/www.almeda.cat\/wp-content\/uploads\/minilocales-1-305x406.jpg\" alt=\"Mini locals para mini activitats\" \/><div class=\"mask\"><\/div><i class=\"icon-eye-open\"><\/i><\/a><\/div><\/div><p class=\"wp-caption-text\">Mini locales para mini actividades<\/p><\/div>\n <\/div>\n<div class=\"column one-third\"> <div class=\"scale-with-grid wp-caption alignleft no-border\"><div class=\"photo\"><div class=\"photo_wrapper\"><a href=\"http:\/\/www.almeda.cat\/wp-content\/uploads\/news-mini-locales.jpg\" class=\"fancybox\" ><img decoding=\"async\" class=\"scale-with-grid\" src=\"http:\/\/www.almeda.cat\/wp-content\/uploads\/news-mini-locales.jpg\" alt=\"Informaci\u00f3\" \/><div class=\"mask\"><\/div><i class=\"icon-eye-open\"><\/i><\/a><\/div><\/div><p class=\"wp-caption-text\">Informaci\u00f3n<\/p><\/div>\n <\/div>\n<\/p>\n<hr style=\"margin: 0 0 10px;\" \/>\n\n<h4>Sol\u00b7licitar m\u00e9s informaci\u00f3<\/h4>\n\n<div class=\"wpcf7 no-js\" id=\"wpcf7-f1452-o3\" lang=\"es-ES\" dir=\"ltr\" data-wpcf7-id=\"1452\">\n<div class=\"screen-reader-response\"><p role=\"status\" aria-live=\"polite\" aria-atomic=\"true\"><\/p> <ul><\/ul><\/div>\n<form action=\"\/ca\/wp-json\/wp\/v2\/pages\/896#wpcf7-f1452-o3\" method=\"post\" class=\"wpcf7-form init\" aria-label=\"Contact form\" novalidate=\"novalidate\" data-status=\"init\">\n<fieldset class=\"hidden-fields-container\"><input type=\"hidden\" name=\"_wpcf7\" value=\"1452\" \/><input type=\"hidden\" name=\"_wpcf7_version\" value=\"6.1.3\" \/><input type=\"hidden\" name=\"_wpcf7_locale\" value=\"es_ES\" \/><input type=\"hidden\" name=\"_wpcf7_unit_tag\" value=\"wpcf7-f1452-o3\" \/><input type=\"hidden\" name=\"_wpcf7_container_post\" value=\"0\" \/><input type=\"hidden\" name=\"_wpcf7_posted_data_hash\" value=\"\" \/><input type=\"hidden\" name=\"_wpcf7_recaptcha_response\" value=\"\" \/>\n<\/fieldset>\n<div class=\"the_content the_content_wrapper\">\n\t<div class=\"column one-second\">\n\t\t<p>Nombre<br \/>\n<span class=\"wpcf7-form-control-wrap\" data-name=\"your-name\"><input size=\"40\" maxlength=\"400\" class=\"wpcf7-form-control wpcf7-text wpcf7-validates-as-required nick\" aria-required=\"true\" aria-invalid=\"false\" value=\"\" type=\"text\" name=\"your-name\" \/><\/span>\n\t\t<\/p>\n\t\t<p>Email<br \/>\n<span class=\"wpcf7-form-control-wrap\" data-name=\"your-email\"><input size=\"40\" maxlength=\"400\" class=\"wpcf7-form-control wpcf7-email wpcf7-validates-as-required wpcf7-text wpcf7-validates-as-email email\" aria-required=\"true\" aria-invalid=\"false\" value=\"\" type=\"email\" name=\"your-email\" \/><\/span>\n\t\t<\/p>\n\t\t<p>Tel\u00e9fono<br \/>\n<span class=\"wpcf7-form-control-wrap\" data-name=\"your-phone\"><input size=\"40\" maxlength=\"400\" class=\"wpcf7-form-control wpcf7-text wpcf7-validates-as-required nick\" aria-required=\"true\" aria-invalid=\"false\" value=\"\" type=\"text\" name=\"your-phone\" \/><\/span>\n\t\t<\/p>\n\t\t<p><span class=\"wpcf7-form-control-wrap\" data-name=\"politica\"><span class=\"wpcf7-form-control wpcf7-acceptance\"><span class=\"wpcf7-list-item\"><input type=\"checkbox\" name=\"politica\" value=\"1\" aria-invalid=\"false\" \/><\/span><\/span><\/span> He le\u00eddo y acepto la <a href=\"http:\/\/www.almeda.cat\/aviso-legal\/\">pol\u00edtica de privacidad<\/a>\n\t\t<\/p>\n\t<\/div>\n\t<div class=\"column one-second\">\n\t\t<p>Comentarios<br \/>\n<span class=\"wpcf7-form-control-wrap\" data-name=\"your-message\"><textarea cols=\"900\" rows=\"8\" maxlength=\"2000\" class=\"wpcf7-form-control wpcf7-textarea\" aria-invalid=\"false\" name=\"your-message\"><\/textarea><\/span>\n\t\t<\/p>\n\t\t<p><input class=\"wpcf7-form-control wpcf7-submit has-spinner\" type=\"submit\" value=\"Enviar\" \/>\n\t\t<\/p>\n\t<\/div>\n<\/div><div class=\"wpcf7-response-output\" aria-hidden=\"true\"><\/div>\n<\/form>\n<\/div>\n\n<hr style=\"margin: 0 0 10px;\" \/>\n\n<h3>Exemples boxes<\/h3>\n<p><div class=\"column one-third\"> <div class=\"scale-with-grid wp-caption alignleft no-border\"><div class=\"photo\"><div class=\"photo_wrapper\"><a href=\"http:\/\/www.almeda.cat\/wp-content\/uploads\/box-1-sastre.jpg\" class=\"fancybox\" ><img decoding=\"async\" class=\"scale-with-grid\" src=\"http:\/\/www.almeda.cat\/wp-content\/uploads\/box-1-sastre.jpg\" alt=\"Exemple Box 1: Sastre\" \/><div class=\"mask\"><\/div><i class=\"icon-eye-open\"><\/i><\/a><\/div><\/div><p class=\"wp-caption-text\">Exemple Box 1: Sastre<\/p><\/div>\n <\/div>\n<div class=\"column one-third\"> <div class=\"scale-with-grid wp-caption alignleft no-border\"><div class=\"photo\"><div class=\"photo_wrapper\"><a href=\"http:\/\/www.almeda.cat\/wp-content\/uploads\/box-2-tapicero-asientos-moto.jpg\" class=\"fancybox\" ><img decoding=\"async\" class=\"scale-with-grid\" src=\"http:\/\/www.almeda.cat\/wp-content\/uploads\/box-2-tapicero-asientos-moto.jpg\" alt=\"Exemple Box 2: Tapisser\" \/><div class=\"mask\"><\/div><i class=\"icon-eye-open\"><\/i><\/a><\/div><\/div><p class=\"wp-caption-text\">Exemple Box 2: Tapisser<\/p><\/div>\n <\/div>\n<div class=\"column one-third\"> <div class=\"scale-with-grid wp-caption alignleft no-border\"><div class=\"photo\"><div class=\"photo_wrapper\"><a href=\"http:\/\/www.almeda.cat\/wp-content\/uploads\/box-3-mecanico.jpg\" class=\"fancybox\" ><img decoding=\"async\" class=\"scale-with-grid\" src=\"http:\/\/www.almeda.cat\/wp-content\/uploads\/box-3-mecanico.jpg\" alt=\"Ejemplo Box 3: Mec\u00e0nic\" \/><div class=\"mask\"><\/div><i class=\"icon-eye-open\"><\/i><\/a><\/div><\/div><p class=\"wp-caption-text\">Exemple Box 3: Mec\u00e0nic<\/p><\/div>\n <\/div>\n<\/p>\n<p><div class=\"column one-third\"> <div class=\"scale-with-grid wp-caption alignleft no-border\"><div class=\"photo\"><div class=\"photo_wrapper\"><a href=\"http:\/\/www.almeda.cat\/wp-content\/uploads\/box-minilocal.jpg\" class=\"fancybox\" ><img decoding=\"async\" class=\"scale-with-grid\" src=\"http:\/\/www.almeda.cat\/wp-content\/uploads\/box-minilocal.jpg\" alt=\"Exemple Box 4: Fuster\" \/><div class=\"mask\"><\/div><i class=\"icon-eye-open\"><\/i><\/a><\/div><\/div><p class=\"wp-caption-text\">Exemple Box 4: Fuster<\/p><\/div>\n <\/div>\n<div class=\"column one-third\"> <div class=\"scale-with-grid wp-caption alignleft no-border\"><div class=\"photo\"><div class=\"photo_wrapper\"><a href=\"http:\/\/www.almeda.cat\/wp-content\/uploads\/box-5.jpg\" class=\"fancybox\" ><img decoding=\"async\" class=\"scale-with-grid\" src=\"http:\/\/www.almeda.cat\/wp-content\/uploads\/box-5.jpg\" alt=\"Exemple Box 5: Oficina exportaci\u00f3\" \/><div class=\"mask\"><\/div><i class=\"icon-eye-open\"><\/i><\/a><\/div><\/div><p class=\"wp-caption-text\">Exemple Box 5: Oficina exportaci\u00f3<\/p><\/div>\n <\/div>\n<div class=\"column one-third\"> <div class=\"scale-with-grid wp-caption alignleft no-border\"><div class=\"photo\"><div class=\"photo_wrapper\"><a href=\"http:\/\/www.almeda.cat\/wp-content\/uploads\/box-6.jpg\" class=\"fancybox\" ><img decoding=\"async\" class=\"scale-with-grid\" src=\"http:\/\/www.almeda.cat\/wp-content\/uploads\/box-6.jpg\" alt=\"Exemple Box 6: Verificaci\u00f3 i control\" \/><div class=\"mask\"><\/div><i class=\"icon-eye-open\"><\/i><\/a><\/div><\/div><p class=\"wp-caption-text\">Exemple Box 6: Verificaci\u00f3 i control<\/p><\/div>\n <\/div>\n<\/p>\n<p><div class=\"column one-third\"> <div class=\"scale-with-grid wp-caption alignleft no-border\"><div class=\"photo\"><div class=\"photo_wrapper\"><a href=\"http:\/\/www.almeda.cat\/wp-content\/uploads\/minilocal.jpg\" class=\"fancybox\" ><img decoding=\"async\" class=\"scale-with-grid\" src=\"http:\/\/www.almeda.cat\/wp-content\/uploads\/minilocal.jpg\" alt=\"Box 7 - 8: Buit\" \/><div class=\"mask\"><\/div><i class=\"icon-eye-open\"><\/i><\/a><\/div><\/div><p class=\"wp-caption-text\">Box 7 - 8: Buit<\/p><\/div>\n <\/div>\n<div class=\"column one-third\"> <div class=\"scale-with-grid wp-caption alignleft no-border\"><div class=\"photo\"><div class=\"photo_wrapper\"><a href=\"http:\/\/www.almeda.cat\/wp-content\/uploads\/box-e.jpg\" class=\"fancybox\" ><img decoding=\"async\" class=\"scale-with-grid\" src=\"http:\/\/www.almeda.cat\/wp-content\/uploads\/box-e.jpg\" alt=\"Exemple Box E: Bricolatge\" \/><div class=\"mask\"><\/div><i class=\"icon-eye-open\"><\/i><\/a><\/div><\/div><p class=\"wp-caption-text\">Exemple Box E: Bricolatge<\/p><\/div>\n <\/div>\n<div class=\"column one-third\"> <div class=\"scale-with-grid wp-caption alignleft no-border\"><div class=\"photo\"><div class=\"photo_wrapper\"><a href=\"http:\/\/www.almeda.cat\/wp-content\/uploads\/box-11.jpg\" class=\"fancybox\" ><img decoding=\"async\" class=\"scale-with-grid\" src=\"http:\/\/www.almeda.cat\/wp-content\/uploads\/box-11.jpg\" alt=\"Exemple Box 11: Enginyeria\" \/><div class=\"mask\"><\/div><i class=\"icon-eye-open\"><\/i><\/a><\/div><\/div><p class=\"wp-caption-text\">Exemple Box 11: Enginyeria<\/p><\/div>\n <\/div>\n<\/p>","protected":false},"excerpt":{"rendered":"<p>Mini locals Per un preu molt raonable Almeda Coworking li lloga petits locals de 10 m2 adequats per a petits muntatges, costura, bricolatge, Belles [&hellip;]<\/p>\n","protected":false},"author":6442,"featured_media":0,"parent":0,"menu_order":0,"comment_status":"open","ping_status":"open","template":"","meta":{"footnotes":""},"class_list":["post-896","page","type-page","status-publish","hentry"],"_links":{"self":[{"href":"https:\/\/www.almeda.cat\/ca\/wp-json\/wp\/v2\/pages\/896","targetHints":{"allow":["GET"]}}],"collection":[{"href":"https:\/\/www.almeda.cat\/ca\/wp-json\/wp\/v2\/pages"}],"about":[{"href":"https:\/\/www.almeda.cat\/ca\/wp-json\/wp\/v2\/types\/page"}],"author":[{"embeddable":true,"href":"https:\/\/www.almeda.cat\/ca\/wp-json\/wp\/v2\/users\/6442"}],"replies":[{"embeddable":true,"href":"https:\/\/www.almeda.cat\/ca\/wp-json\/wp\/v2\/comments?post=896"}],"version-history":[{"count":10,"href":"https:\/\/www.almeda.cat\/ca\/wp-json\/wp\/v2\/pages\/896\/revisions"}],"predecessor-version":[{"id":1834,"href":"https:\/\/www.almeda.cat\/ca\/wp-json\/wp\/v2\/pages\/896\/revisions\/1834"}],"wp:attachment":[{"href":"https:\/\/www.almeda.cat\/ca\/wp-json\/wp\/v2\/media?parent=896"}],"curies":[{"name":"wp","href":"https:\/\/api.w.org\/{rel}","templated":true}]}}