{"id":900,"date":"2013-10-28T11:36:12","date_gmt":"2013-10-28T11:36:12","guid":{"rendered":"http:\/\/www.almeda.cat\/?page_id=900"},"modified":"2014-03-07T10:17:16","modified_gmt":"2014-03-07T10:17:16","slug":"coworking-oficina","status":"publish","type":"page","link":"https:\/\/www.almeda.cat\/ca\/coworking-oficina\/","title":{"rendered":"Coworking Oficina"},"content":{"rendered":"<p>Disposem d&#8217;oficines equipades amb tot el necessari per executar l&#8217;activitat de la seva empresa: taules, cadires ergon\u00f2miques, armaris, connexi\u00f3 Internet tipus Wifi, tel\u00e8fon &#8230;<\/p>\n<h3>&#8220;En el desig de satisfer els nostres clients els proposem dues opcions per a aquells usuaris que desitgin una major privacitat&#8221;<\/h3>\n<p><\/p>","protected":false},"excerpt":{"rendered":"<p>Disposem d&#8217;oficines equipades amb tot el necessari per executar l&#8217;activitat de la seva empresa: taules, cadires ergon\u00f2miques, armaris, connexi\u00f3 Internet tipus Wifi, tel\u00e8fon &#8230; [&hellip;]<\/p>\n","protected":false},"author":6442,"featured_media":0,"parent":0,"menu_order":0,"comment_status":"open","ping_status":"open","template":"","meta":{"footnotes":""},"class_list":["post-900","page","type-page","status-publish","hentry"],"_links":{"self":[{"href":"https:\/\/www.almeda.cat\/ca\/wp-json\/wp\/v2\/pages\/900","targetHints":{"allow":["GET"]}}],"collection":[{"href":"https:\/\/www.almeda.cat\/ca\/wp-json\/wp\/v2\/pages"}],"about":[{"href":"https:\/\/www.almeda.cat\/ca\/wp-json\/wp\/v2\/types\/page"}],"author":[{"embeddable":true,"href":"https:\/\/www.almeda.cat\/ca\/wp-json\/wp\/v2\/users\/6442"}],"replies":[{"embeddable":true,"href":"https:\/\/www.almeda.cat\/ca\/wp-json\/wp\/v2\/comments?post=900"}],"version-history":[{"count":5,"href":"https:\/\/www.almeda.cat\/ca\/wp-json\/wp\/v2\/pages\/900\/revisions"}],"predecessor-version":[{"id":1455,"href":"https:\/\/www.almeda.cat\/ca\/wp-json\/wp\/v2\/pages\/900\/revisions\/1455"}],"wp:attachment":[{"href":"https:\/\/www.almeda.cat\/ca\/wp-json\/wp\/v2\/media?parent=900"}],"curies":[{"name":"wp","href":"https:\/\/api.w.org\/{rel}","templated":true}]}}